{"id":9,"date":"2020-04-08T19:56:36","date_gmt":"2020-04-08T16:56:36","guid":{"rendered":"https:\/\/demo.fcsthemes.com\/filmplus\/index.php\/turkce-altyazili-filmler\/"},"modified":"2020-04-08T19:56:36","modified_gmt":"2020-04-08T16:56:36","slug":"turkce-altyazili-filmler","status":"publish","type":"page","link":"https:\/\/demo.fcsthemes.com\/filmplus\/turkce-altyazili-filmler\/","title":{"rendered":"T\u00fcrk\u00e7e Altyaz\u0131l\u0131 Filmler"},"content":{"rendered":"","protected":false},"excerpt":{"rendered":"","protected":false},"author":1,"featured_media":0,"parent":0,"menu_order":0,"comment_status":"closed","ping_status":"closed","template":"altyazili.php","meta":{"footnotes":""},"class_list":["post-9","page","type-page","status-publish","hentry"],"_links":{"self":[{"href":"https:\/\/demo.fcsthemes.com\/filmplus\/wp-json\/wp\/v2\/pages\/9","targetHints":{"allow":["GET"]}}],"collection":[{"href":"https:\/\/demo.fcsthemes.com\/filmplus\/wp-json\/wp\/v2\/pages"}],"about":[{"href":"https:\/\/demo.fcsthemes.com\/filmplus\/wp-json\/wp\/v2\/types\/page"}],"author":[{"embeddable":true,"href":"https:\/\/demo.fcsthemes.com\/filmplus\/wp-json\/wp\/v2\/users\/1"}],"replies":[{"embeddable":true,"href":"https:\/\/demo.fcsthemes.com\/filmplus\/wp-json\/wp\/v2\/comments?post=9"}],"version-history":[{"count":1,"href":"https:\/\/demo.fcsthemes.com\/filmplus\/wp-json\/wp\/v2\/pages\/9\/revisions"}],"predecessor-version":[{"id":191,"href":"https:\/\/demo.fcsthemes.com\/filmplus\/wp-json\/wp\/v2\/pages\/9\/revisions\/191"}],"wp:attachment":[{"href":"https:\/\/demo.fcsthemes.com\/filmplus\/wp-json\/wp\/v2\/media?parent=9"}],"curies":[{"name":"wp","href":"https:\/\/api.w.org\/{rel}","templated":true}]}}